{"id":334,"date":"2020-08-04T00:12:54","date_gmt":"2020-08-04T00:12:54","guid":{"rendered":"http:\/\/culturainglesamanaus.com.br\/2020\/?page_id=334"},"modified":"2020-10-22T19:24:34","modified_gmt":"2020-10-22T19:24:34","slug":"cultura-contrata-professores-e-trainees","status":"publish","type":"page","link":"https:\/\/culturainglesamanaus.com.br\/2020\/cultura-contrata-professores-e-trainees\/","title":{"rendered":"Cultura Contrata: Professores e Trainees"},"content":{"rendered":"<p>[et_pb_section fb_built=&#8221;1&#8243; _builder_version=&#8221;4.5.1&#8243; background_color=&#8221;rgba(0,0,0,0.8)&#8221; background_image=&#8221;https:\/\/culturainglesamanaus.com.br\/2020\/wp-content\/uploads\/2020\/07\/london-lights-P6UC6ZW-scaled.jpg&#8221; background_blend=&#8221;overlay&#8221; background_enable_video_mp4=&#8221;off&#8221; custom_margin=&#8221;0px|0px|0px|0px|false|false&#8221; custom_padding=&#8221;50px|0px|0px|0px|false|false&#8221;][et_pb_row custom_padding_last_edited=&#8221;on|phone&#8221; _builder_version=&#8221;4.4.8&#8243; module_alignment=&#8221;center&#8221; custom_padding=&#8221;||||false|false&#8221; custom_padding_tablet=&#8221;||||false|false&#8221; custom_padding_phone=&#8221;||||false|false&#8221;][et_pb_column type=&#8221;4_4&#8243; _builder_version=&#8221;4.4.8&#8243;][et_pb_text _builder_version=&#8221;4.4.8&#8243; text_font=&#8221;Gotham||||||||&#8221; text_text_color=&#8221;#ffffff&#8221; text_font_size=&#8221;16px&#8221; header_font=&#8221;Gotham|700|||||||&#8221; header_text_color=&#8221;#ffffff&#8221; header_font_size=&#8221;50px&#8221; header_font_size_phone=&#8221;40px&#8221; header_font_size_last_edited=&#8221;off|phone&#8221;]<\/p>\n<h1>Professores<\/h1>\n<p>[\/et_pb_text][et_pb_divider color=&#8221;#df0023&#8243; divider_weight=&#8221;3px&#8221; _builder_version=&#8221;4.5.1&#8243; custom_margin=&#8221;0px||0px||false|false&#8221;][\/et_pb_divider][et_pb_button button_url=&#8221;https:\/\/culturainglesamanaus.com.br\/2020\/cultura-contrata\/&#8221; button_text=&#8221;Voltar \u00e0s vagas&#8221; button_alignment=&#8221;left&#8221; _builder_version=&#8221;4.5.1&#8243; _module_preset=&#8221;default&#8221; button_icon=&#8221;%%19%%&#8221; button_icon_placement=&#8221;left&#8221;][\/et_pb_button][\/et_pb_column][\/et_pb_row][\/et_pb_section][et_pb_section fb_built=&#8221;1&#8243; _builder_version=&#8221;4.5.1&#8243; background_color=&#8221;#ffffff&#8221; custom_padding=&#8221;10px||10px||false|false&#8221;][et_pb_row custom_padding_last_edited=&#8221;on|desktop&#8221; _builder_version=&#8221;4.5.1&#8243; module_alignment=&#8221;center&#8221; custom_padding=&#8221;||||false|false&#8221; custom_padding_tablet=&#8221;||||false|false&#8221; custom_padding_phone=&#8221;||||false|false&#8221;][et_pb_column type=&#8221;4_4&#8243; _builder_version=&#8221;4.4.8&#8243;][et_pb_text _builder_version=&#8221;4.5.1&#8243; text_font=&#8221;Gotham||||||||&#8221; text_text_color=&#8221;#737277&#8243; text_font_size=&#8221;16px&#8221; header_font=&#8221;Gotham|700|||||||&#8221; header_text_color=&#8221;#1f140f&#8221;]<\/p>\n<h1>Dear candidate,<\/h1>\n<p>Thank you for expressing an interest in joining our group of teachers at Cultura Inglesa Manaus. We do not accept any CVs without any supporting documents, so please read the enclosed job and person requirements.<\/p>\n<p>If you think you meet the requirements, then please proceed with the application form below. We will be looking for solid evidence that you meet the requirements, so please give concrete examples when needed.<\/p>\n<p>At the end of the process, please attach your CV, detailing qualifications and expreiences with dates.<\/p>\n<p>You will find more information about our selection process as you proceed.<\/p>\n<p>Good luck!<\/p>\n<p>Cultura Inglesa Manaus Academic Committee<\/p>\n<p>[\/et_pb_text][\/et_pb_column][\/et_pb_row][\/et_pb_section][et_pb_section fb_built=&#8221;1&#8243; _builder_version=&#8221;4.5.1&#8243; background_enable_color=&#8221;off&#8221; custom_padding=&#8221;10px||10px||false|false&#8221;][et_pb_row custom_padding_last_edited=&#8221;on|desktop&#8221; _builder_version=&#8221;4.5.1&#8243; module_alignment=&#8221;center&#8221; custom_padding=&#8221;||||false|false&#8221; custom_padding_tablet=&#8221;||||false|false&#8221; custom_padding_phone=&#8221;||||false|false&#8221; border_width_top=&#8221;5px&#8221; border_color_top=&#8221;#df0023&#8243;][et_pb_column type=&#8221;4_4&#8243; _builder_version=&#8221;4.4.8&#8243;][et_pb_text _builder_version=&#8221;4.5.1&#8243; text_font=&#8221;Gotham||||||||&#8221; text_text_color=&#8221;#737277&#8243; text_font_size=&#8221;16px&#8221; header_font=&#8221;Gotham|700|||||||&#8221; header_text_color=&#8221;#1f140f&#8221;]<\/p>\n<h1>Pr\u00e9-requisitos \/\/ Professores<\/h1>\n<p>[\/et_pb_text][et_pb_tabs _builder_version=&#8221;4.5.1&#8243; _module_preset=&#8221;default&#8221; tab_font=&#8221;Gotham||||||||&#8221; box_shadow_style=&#8221;preset3&#8243;][et_pb_tab title=&#8221;COMPORTAMENTO&#8221; _builder_version=&#8221;4.5.1&#8243; _module_preset=&#8221;default&#8221; body_font=&#8221;Gotham||||||||&#8221;]<\/p>\n<h3>Essencial<\/h3>\n<ul>\n<li>Entrega resultados<\/li>\n<li>Sabe trabalhar em equipe<\/li>\n<li>\u00c9 proativo(a)<\/li>\n<li>\u00c9 cort\u00eas e educado(a)<\/li>\n<li>Se comporta de maneira \u00e9tica e profissional<\/li>\n<li>Perfil din\u00e2mico, organizado, criativo, flex\u00edvel, simp\u00e1tico, seguro e comunicativo<\/li>\n<\/ul>\n<p>[\/et_pb_tab][et_pb_tab title=&#8221;HABILIDADES E CONHECIMENTOS&#8221; _builder_version=&#8221;4.5.1&#8243; _module_preset=&#8221;default&#8221; body_font=&#8221;Gotham||||||||&#8221;]<\/p>\n<h3>Essencial<\/h3>\n<ul>\n<li>Sabe utilizar a plataforma Windows e o pacote Office<\/li>\n<\/ul>\n<h3>Desej\u00e1vel<\/h3>\n<ul>\n<li>Ter conhecimento b\u00e1sico de l\u00edngua inglesa<\/li>\n<\/ul>\n<p>[\/et_pb_tab][et_pb_tab title=&#8221;EXPERI\u00caNCIA&#8221; _builder_version=&#8221;4.5.1&#8243; _module_preset=&#8221;default&#8221; body_font=&#8221;Gotham||||||||&#8221;]<\/p>\n<h3>Essencial<\/h3>\n<ul>\n<li>M\u00ednimo de 01 (um) ano de experi\u00eancia na \u00e1rea de educa\u00e7\u00e3o como assistente de coordena\u00e7\u00e3o e atendimento ao p\u00fablico<\/li>\n<\/ul>\n<p>[\/et_pb_tab][et_pb_tab title=&#8221;QUALIFICA\u00c7\u00d5ES&#8221; _builder_version=&#8221;4.5.1&#8243; _module_preset=&#8221;default&#8221; body_font=&#8221;Gotham||||||||&#8221;]<\/p>\n<h3>Essencial<\/h3>\n<ul>\n<li>Escolaridade: Ensino M\u00e9dio completo<\/li>\n<\/ul>\n<h3>Desej\u00e1vel<\/h3>\n<ul>\n<li>\n<p>Escolaridade: cursando n\u00edvel superior nas \u00e1reas de Administra\u00e7\u00e3o, Pedagogia, Psicologia ou afins<\/p>\n<\/li>\n<li>\n<p>Curso na \u00e1rea de atendimento<\/p>\n<\/li>\n<\/ul>\n<p>[\/et_pb_tab][\/et_pb_tabs][\/et_pb_column][\/et_pb_row][\/et_pb_section][et_pb_section fb_built=&#8221;1&#8243; _builder_version=&#8221;4.5.1&#8243; _module_preset=&#8221;default&#8221; background_color=&#8221;#df0023&#8243;][et_pb_row _builder_version=&#8221;4.5.1&#8243; _module_preset=&#8221;default&#8221; custom_margin=&#8221;||||false|false&#8221; custom_padding=&#8221;||||false|false&#8221;][et_pb_column type=&#8221;4_4&#8243; _builder_version=&#8221;4.5.1&#8243; _module_preset=&#8221;default&#8221; background_color=&#8221;#ffffff&#8221; background_image=&#8221;https:\/\/culturainglesamanaus.com.br\/2020\/wp-content\/uploads\/2020\/07\/LeaoCultura7.png&#8221; background_size=&#8221;contain&#8221; background_position=&#8221;center_left&#8221; border_radii=&#8221;on|5px|5px|5px|5px&#8221; box_shadow_style=&#8221;preset3&#8243;][et_pb_text _builder_version=&#8221;4.5.1&#8243; text_font=&#8221;Gotham||||||||&#8221; text_text_color=&#8221;#737277&#8243; text_font_size=&#8221;16px&#8221; header_font=&#8221;Gotham|700|||||||&#8221; header_text_color=&#8221;#000000&#8243; background_color=&#8221;rgba(0,0,0,0)&#8221; text_orientation=&#8221;center&#8221; custom_padding=&#8221;50px||||false|false&#8221;]<\/p>\n<h1>Send us your CV<\/h1>\n<p>We&#8217;re eager to receive your CV. Good luck!<\/p>\n<p>[\/et_pb_text][et_pb_button button_url=&#8221;https:\/\/culturainglesamanaus.com.br\/2020\/cultura-contrata-professores-e-trainees\/formulario-professores-e-trainees\/&#8221; url_new_window=&#8221;on&#8221; button_text=&#8221;I&#8217;m ready to fill the form&#8221; _builder_version=&#8221;4.6.5&#8243; _module_preset=&#8221;default&#8221; custom_margin=&#8221;||50px||false|false&#8221; hover_enabled=&#8221;0&#8243; sticky_enabled=&#8221;0&#8243;][\/et_pb_button][\/et_pb_column][\/et_pb_row][\/et_pb_section]<\/p>\n","protected":false},"excerpt":{"rendered":"<p>ProfessoresDear candidate, Thank you for expressing an interest in joining our group of teachers at Cultura Inglesa Manaus. We do not accept any CVs without any supporting documents, so please read the enclosed job and person requirements. If you think you meet the requirements, then please proceed with the application form below. We will be [&hellip;]<\/p>\n","protected":false},"author":1,"featured_media":0,"parent":0,"menu_order":0,"comment_status":"closed","ping_status":"closed","template":"","meta":{"_et_pb_use_builder":"on","_et_pb_old_content":"","_et_gb_content_width":"","footnotes":""},"class_list":["post-334","page","type-page","status-publish","hentry"],"_links":{"self":[{"href":"https:\/\/culturainglesamanaus.com.br\/2020\/wp-json\/wp\/v2\/pages\/334","targetHints":{"allow":["GET"]}}],"collection":[{"href":"https:\/\/culturainglesamanaus.com.br\/2020\/wp-json\/wp\/v2\/pages"}],"about":[{"href":"https:\/\/culturainglesamanaus.com.br\/2020\/wp-json\/wp\/v2\/types\/page"}],"author":[{"embeddable":true,"href":"https:\/\/culturainglesamanaus.com.br\/2020\/wp-json\/wp\/v2\/users\/1"}],"replies":[{"embeddable":true,"href":"https:\/\/culturainglesamanaus.com.br\/2020\/wp-json\/wp\/v2\/comments?post=334"}],"version-history":[{"count":8,"href":"https:\/\/culturainglesamanaus.com.br\/2020\/wp-json\/wp\/v2\/pages\/334\/revisions"}],"predecessor-version":[{"id":590,"href":"https:\/\/culturainglesamanaus.com.br\/2020\/wp-json\/wp\/v2\/pages\/334\/revisions\/590"}],"wp:attachment":[{"href":"https:\/\/culturainglesamanaus.com.br\/2020\/wp-json\/wp\/v2\/media?parent=334"}],"curies":[{"name":"wp","href":"https:\/\/api.w.org\/{rel}","templated":true}]}}